{"id":6769,"date":"2024-08-22T17:44:34","date_gmt":"2024-08-22T17:44:34","guid":{"rendered":"http:\/\/www.bttllagostera.cat\/?page_id=6769"},"modified":"2025-05-19T14:55:07","modified_gmt":"2025-05-19T14:55:07","slug":"ens-veiem-el-2025","status":"publish","type":"page","link":"http:\/\/www.bttllagostera.cat\/?page_id=6769","title":{"rendered":"LA SALAMANDRA"},"content":{"rendered":"<div class=\"wp-block-image\">\n<figure class=\"aligncenter size-full is-resized\"><img decoding=\"async\" loading=\"lazy\" src=\"http:\/\/www.bttllagostera.cat\/wp-content\/uploads\/2025\/04\/Banner_Logo.jpeg\" alt=\"\" class=\"wp-image-6966\" width=\"519\" height=\"314\" srcset=\"http:\/\/www.bttllagostera.cat\/wp-content\/uploads\/2025\/04\/Banner_Logo.jpeg 900w, http:\/\/www.bttllagostera.cat\/wp-content\/uploads\/2025\/04\/Banner_Logo-300x181.jpeg 300w, http:\/\/www.bttllagostera.cat\/wp-content\/uploads\/2025\/04\/Banner_Logo-768x464.jpeg 768w, http:\/\/www.bttllagostera.cat\/wp-content\/uploads\/2025\/04\/Banner_Logo-500x302.jpeg 500w\" sizes=\"(max-width: 519px) 100vw, 519px\" \/><\/figure><\/div>\n\n\n<p>Ja la tenim aqu\u00ed! Estem molt contents d&#8217;anunciar que tornem a celebrar la marxa popular de BTT del club, La Salamandra!<\/p>\n\n\n\n<p>Aquest any amb la novetat d&#8217;un <strong>NOU<\/strong> recorregut de modalitat <strong>GRAVEL!<\/strong><\/p>\n\n\n\n<p><\/p>\n\n\n\n<p>Tamb\u00e9 les novetats a les xarxes del club:<\/p>\n\n\n\n<p>Instagram: <a href=\"https:\/\/www.instagram.com\/clubbttllagostera\/\" data-type=\"URL\" data-id=\"https:\/\/www.instagram.com\/clubbttllagostera\/\" target=\"_blank\" rel=\"noreferrer noopener\">@clubbttllagostera<\/a><\/p>\n\n\n\n<p>Facebook: <a rel=\"noreferrer noopener\" href=\"https:\/\/es-es.facebook.com\/btt.llagostera\" data-type=\"URL\" data-id=\"https:\/\/es-es.facebook.com\/btt.llagostera\" target=\"_blank\">Club Btt Llagostera<\/a><\/p>\n\n\n\n<p class=\"has-text-align-center\">&#8211;<\/p>\n\n\n\n<p>Us deixem la informaci\u00f3 per aqu\u00ed:<\/p>\n\n\n\n<p class=\"has-text-align-center\">&#8211;<\/p>\n\n\n\n<p class=\"has-text-align-center\">INSCRIPCIONS OBERTES! *fins dijous 22 incl\u00f2s<\/p>\n\n\n\n<div class=\"wp-block-buttons is-content-justification-center is-layout-flex wp-container-1\">\n<div class=\"wp-block-button\"><a class=\"wp-block-button__link wp-element-button\" href=\"https:\/\/www.cronocheck.com\/la-salamandra-2025\" target=\"_blank\" rel=\"noreferrer noopener\"><mark style=\"background-color:rgba(0, 0, 0, 0)\" class=\"has-inline-color has-white-color\">INSCRIPCIONS<\/mark><\/a><\/div>\n<\/div>\n\n\n\n<p class=\"has-text-align-center\">&#8211;<\/p>\n\n\n\n<p class=\"has-text-align-center\">&#8211;<\/p>\n\n\n\n<p class=\"has-text-align-center\"><strong>DATA<\/strong><\/p>\n\n\n\n<p class=\"has-text-align-center\">25 de Maig del 2025<\/p>\n\n\n\n<p class=\"has-text-align-center\">&#8211;<\/p>\n\n\n\n<p class=\"has-text-align-center\"><strong>UBICACI\u00d3<\/strong><\/p>\n\n\n\n<p class=\"has-text-align-center\">Pavell\u00f3 Municipal d&#8217;Esports Josep Mir de Llagostera (<a rel=\"noreferrer noopener\" href=\"https:\/\/maps.app.goo.gl\/F4CPtGqUfaLXXJGh8\" data-type=\"URL\" data-id=\"https:\/\/maps.app.goo.gl\/F4CPtGqUfaLXXJGh8\" target=\"_blank\">Google Maps<\/a>)<\/p>\n\n\n\n<p class=\"has-text-align-center\">&#8211;<\/p>\n\n\n\n<p class=\"has-text-align-center\"><strong>HORARIS<\/strong><\/p>\n\n\n\n<p class=\"has-text-align-center\"><strong><em><mark style=\"background-color:rgba(0, 0, 0, 0)\" class=\"has-inline-color has-black-color\">Dissabte 24<\/mark><\/em><\/strong><\/p>\n\n\n\n<p class=\"has-text-align-center\"><strong>Recollida de Dorsals<\/strong> 17h a 19h<\/p>\n\n\n\n<p class=\"has-text-align-center\"><strong><em><mark style=\"background-color:rgba(0, 0, 0, 0)\" class=\"has-inline-color has-black-color\">Diumenge 25<\/mark><\/em><\/strong><\/p>\n\n\n\n<p class=\"has-text-align-center\"><strong>Recollida de Dorsals<\/strong> 7:15 a 8:15<\/p>\n\n\n\n<p class=\"has-text-align-center\"><strong>Sortides<\/strong><\/p>\n\n\n\n<p class=\"has-text-align-center\"><strong>LLARGA i E-BIKES<\/strong> 08:30h<\/p>\n\n\n\n<p class=\"has-text-align-center\"><strong>GRAVEL<\/strong> 08:40h<\/p>\n\n\n\n<p class=\"has-text-align-center\"><strong>CURTA<\/strong> 09:00h<\/p>\n\n\n\n<p class=\"has-text-align-center\"><strong>KIDS<\/strong> 09:15h<\/p>\n\n\n\n<p class=\"has-text-align-center\">&#8211;<\/p>\n\n\n\n<p class=\"has-text-align-center\"><strong>RECORREGUTS<\/strong><\/p>\n\n\n\n<p class=\"has-text-align-center\"><strong>LLARG<\/strong> 40km 1100m+<\/p>\n\n\n\n<p class=\"has-text-align-center\"><strong>CURT<\/strong> 20km 400m+<\/p>\n\n\n\n<p class=\"has-text-align-center\"><strong>KIDS<\/strong> 11km 170m+<\/p>\n\n\n\n<p class=\"has-text-align-center\"><strong>GRAVEL<\/strong>: 53km 800m+<\/p>\n\n\n\n<p class=\"has-text-align-center\">&#8211;<\/p>\n\n\n\n<p class=\"has-text-align-center\"><strong>SERVEIS<\/strong><\/p>\n\n\n\n<p class=\"has-text-align-center\">Marcatge del circuit (cintes i fletxes) | BTT<\/p>\n\n\n\n<p class=\"has-text-align-center\">Track GPS | Gravel <\/p>\n\n\n\n<p class=\"has-text-align-center\">Ambul\u00e0ncia<\/p>\n\n\n\n<p class=\"has-text-align-center\">Avituallaments<\/p>\n\n\n\n<p class=\"has-text-align-center\">Entrep\u00e0 i beguda<\/p>\n\n\n\n<p class=\"has-text-align-center\">Dutxes<\/p>\n\n\n\n<p class=\"has-text-align-center\">Renta bicicletes<\/p>\n\n\n\n<p class=\"has-text-align-center\">&#8211;<\/p>\n\n\n<div class=\"wp-block-image\">\n<figure class=\"aligncenter size-large\"><img decoding=\"async\" loading=\"lazy\" width=\"724\" height=\"1024\" src=\"http:\/\/www.bttllagostera.cat\/wp-content\/uploads\/2025\/04\/Cartell-JPG-724x1024.jpg\" alt=\"\" class=\"wp-image-6951\" srcset=\"http:\/\/www.bttllagostera.cat\/wp-content\/uploads\/2025\/04\/Cartell-JPG-724x1024.jpg 724w, http:\/\/www.bttllagostera.cat\/wp-content\/uploads\/2025\/04\/Cartell-JPG-212x300.jpg 212w, http:\/\/www.bttllagostera.cat\/wp-content\/uploads\/2025\/04\/Cartell-JPG-768x1086.jpg 768w, http:\/\/www.bttllagostera.cat\/wp-content\/uploads\/2025\/04\/Cartell-JPG-1086x1536.jpg 1086w, http:\/\/www.bttllagostera.cat\/wp-content\/uploads\/2025\/04\/Cartell-JPG-500x707.jpg 500w, http:\/\/www.bttllagostera.cat\/wp-content\/uploads\/2025\/04\/Cartell-JPG.jpg 1414w\" sizes=\"(max-width: 724px) 100vw, 724px\" \/><\/figure><\/div>\n\n\n<h3 class=\"wp-block-heading has-text-align-center\">Preguntes Freq\u00fcents<\/h3>\n\n\n\n<p class=\"has-text-align-center\"><strong>Compartireu els tracks de la cursa?<\/strong><br>No, els tracks de la cursa no es compartiran.<\/p>\n\n\n\n<p class=\"has-text-align-center\"><strong>S\u00f3n molt t\u00e8cnics i durs els recorreguts?<\/strong><\/p>\n\n\n\n<p class=\"has-text-align-center\">El circuit curt \u00e9s apte per tots aquells practicants regulars de BTT amb un grau de t\u00e8cnica. En canvi, el circuit llarg requereix d\u2019un bon estat f\u00edsic i una bona t\u00e8cnica. No es tracta d\u2019un enduro per\u00f2 hi ha baixades i punts complicats. El circuit de la Salamandra kids est\u00e0 dissenyat perqu\u00e8 la mainada pugui disfrutar.&nbsp;<\/p>\n\n\n\n<p class=\"has-text-align-center\"><strong>Amb E-bike nom\u00e9s es pot fer la llarga?<\/strong><\/p>\n\n\n\n<p class=\"has-text-align-center\">Per a la inscripci\u00f3 \u00abE-bike\u00bb s\u2019ha de fer la llarga. Si el dia de la cursa decideixes fer la curta no hi ha problema per\u00f2 no hi ha classificaci\u00f3 d\u2019ebikes del circuit curt.<\/p>\n","protected":false},"excerpt":{"rendered":"<p>Ja la tenim aqu\u00ed! Estem molt contents d&#8217;anunciar que tornem a celebrar la marxa popular de BTT del club, La Salamandra! Aquest any amb la novetat d&#8217;un NOU recorregut de modalitat GRAVEL! Tamb\u00e9 les novetats a les xarxes del club: Instagram: @clubbttllagostera Facebook: Club Btt Llagostera &#8211; Us deixem la informaci\u00f3 per aqu\u00ed: &#8211; INSCRIPCIONS &#8230;<\/p>\n","protected":false},"author":3,"featured_media":6201,"parent":0,"menu_order":0,"comment_status":"closed","ping_status":"closed","template":"","meta":[],"featured_image_src":"http:\/\/www.bttllagostera.cat\/wp-content\/uploads\/2021\/04\/WhatsApp-Image-2021-04-30-at-23.22.59-600x400.jpeg","featured_image_src_square":"http:\/\/www.bttllagostera.cat\/wp-content\/uploads\/2021\/04\/WhatsApp-Image-2021-04-30-at-23.22.59-600x600.jpeg","_links":{"self":[{"href":"http:\/\/www.bttllagostera.cat\/index.php?rest_route=\/wp\/v2\/pages\/6769"}],"collection":[{"href":"http:\/\/www.bttllagostera.cat\/index.php?rest_route=\/wp\/v2\/pages"}],"about":[{"href":"http:\/\/www.bttllagostera.cat\/index.php?rest_route=\/wp\/v2\/types\/page"}],"author":[{"embeddable":true,"href":"http:\/\/www.bttllagostera.cat\/index.php?rest_route=\/wp\/v2\/users\/3"}],"replies":[{"embeddable":true,"href":"http:\/\/www.bttllagostera.cat\/index.php?rest_route=%2Fwp%2Fv2%2Fcomments&post=6769"}],"version-history":[{"count":59,"href":"http:\/\/www.bttllagostera.cat\/index.php?rest_route=\/wp\/v2\/pages\/6769\/revisions"}],"predecessor-version":[{"id":7050,"href":"http:\/\/www.bttllagostera.cat\/index.php?rest_route=\/wp\/v2\/pages\/6769\/revisions\/7050"}],"wp:featuredmedia":[{"embeddable":true,"href":"http:\/\/www.bttllagostera.cat\/index.php?rest_route=\/wp\/v2\/media\/6201"}],"wp:attachment":[{"href":"http:\/\/www.bttllagostera.cat\/index.php?rest_route=%2Fwp%2Fv2%2Fmedia&parent=6769"}],"curies":[{"name":"wp","href":"https:\/\/api.w.org\/{rel}","templated":true}]}}