{"id":6407,"date":"2022-06-26T05:58:14","date_gmt":"2022-06-26T05:58:14","guid":{"rendered":"http:\/\/www.bttllagostera.cat\/?page_id=6407"},"modified":"2022-08-01T22:43:13","modified_gmt":"2022-08-01T22:43:13","slug":"la-salamandra-2","status":"publish","type":"page","link":"http:\/\/www.bttllagostera.cat\/?page_id=6407","title":{"rendered":"LA SALAMANDRA 2022"},"content":{"rendered":"\n<div class=\"wp-block-image\"><figure class=\"aligncenter size-thumbnail\"><img decoding=\"async\" loading=\"lazy\" width=\"150\" height=\"150\" src=\"http:\/\/www.bttllagostera.cat\/wp-content\/uploads\/2022\/06\/salamandra22-curt-1-150x150.png\" alt=\"\" class=\"wp-image-6412\" srcset=\"http:\/\/www.bttllagostera.cat\/wp-content\/uploads\/2022\/06\/salamandra22-curt-1-150x150.png 150w, http:\/\/www.bttllagostera.cat\/wp-content\/uploads\/2022\/06\/salamandra22-curt-1-300x300.png 300w, http:\/\/www.bttllagostera.cat\/wp-content\/uploads\/2022\/06\/salamandra22-curt-1-768x768.png 768w, http:\/\/www.bttllagostera.cat\/wp-content\/uploads\/2022\/06\/salamandra22-curt-1-600x600.png 600w, http:\/\/www.bttllagostera.cat\/wp-content\/uploads\/2022\/06\/salamandra22-curt-1-500x500.png 500w, http:\/\/www.bttllagostera.cat\/wp-content\/uploads\/2022\/06\/salamandra22-curt-1.png 960w\" sizes=\"(max-width: 150px) 100vw, 150px\" \/><\/figure><\/div>\n\n\n\n<div class=\"wp-block-image\"><figure class=\"aligncenter size-large is-resized\"><img decoding=\"async\" loading=\"lazy\" src=\"http:\/\/www.bttllagostera.cat\/wp-content\/uploads\/2022\/07\/WhatsApp-Image-2022-08-01-at-00.23.10-724x1024.jpeg\" alt=\"\" class=\"wp-image-6433\" width=\"543\" height=\"768\" srcset=\"http:\/\/www.bttllagostera.cat\/wp-content\/uploads\/2022\/07\/WhatsApp-Image-2022-08-01-at-00.23.10-724x1024.jpeg 724w, http:\/\/www.bttllagostera.cat\/wp-content\/uploads\/2022\/07\/WhatsApp-Image-2022-08-01-at-00.23.10-212x300.jpeg 212w, http:\/\/www.bttllagostera.cat\/wp-content\/uploads\/2022\/07\/WhatsApp-Image-2022-08-01-at-00.23.10-768x1086.jpeg 768w, http:\/\/www.bttllagostera.cat\/wp-content\/uploads\/2022\/07\/WhatsApp-Image-2022-08-01-at-00.23.10-1086x1536.jpeg 1086w, http:\/\/www.bttllagostera.cat\/wp-content\/uploads\/2022\/07\/WhatsApp-Image-2022-08-01-at-00.23.10-500x707.jpeg 500w, http:\/\/www.bttllagostera.cat\/wp-content\/uploads\/2022\/07\/WhatsApp-Image-2022-08-01-at-00.23.10.jpeg 1131w\" sizes=\"(max-width: 543px) 100vw, 543px\" \/><\/figure><\/div>\n\n\n\n<h4 class=\"has-vivid-green-cyan-color has-text-color has-text-align-center wp-block-heading\"> \u2193  \u2193  \u2193  \u2193  \u2193 INSCRIPCIONS OBERTES  \u2193  \u2193  \u2193  \u2193  \u2193  \u2193 <\/h4>\n\n\n\n<div class=\"wp-block-button aligncenter is-style-outline\"><a class=\"wp-block-button__link has-text-color has-vivid-red-color\" href=\"https:\/\/bit.ly\/3nTHA5e\" style=\"border-radius:50px\" target=\"_blank\" rel=\"noreferrer noopener\">CLICK AQU\u00cd: INSCRIPCIONS<\/a><\/div>\n\n\n\n<p>Esperem que h\u00e0giu fet gana des de l\u2019\u00faltima edici\u00f3 de la Salamandra perqu\u00e8 ja fa dies que us estem preparant el que ser\u00e0 l\u2019edici\u00f3 2022, apunteu al calendari perqu\u00e8 ser\u00e0 el proper&nbsp;<strong>28 d\u2019agost<\/strong>.<\/p>\n\n\n\n<p>Venint d\u2019una edici\u00f3 que va ser tot un \u00e8xit aquest any tindrem alguna novetat<strong>*<\/strong>.<\/p>\n\n\n\n<p><strong>NOVETATS<\/strong>&nbsp;EN ELS<strong>&nbsp;RECORREGUTS&nbsp;<\/strong>Aquest any comptarem amb&nbsp;<strong>3<\/strong>&nbsp;recorreguts!!!<\/p>\n\n\n\n<p class=\"has-text-align-center\"><strong>LLARG<\/strong>&nbsp;41km 1150m+&nbsp;<strong>CURT<\/strong>&nbsp;24km 550m+&nbsp;<strong><em>**SALAMANDRA KIDS**<\/em><\/strong>&nbsp;10km 170m+<\/p>\n\n\n\n<div class=\"wp-block-image is-style-default\"><figure class=\"aligncenter size-large is-resized\"><img decoding=\"async\" loading=\"lazy\" src=\"http:\/\/www.bttllagostera.cat\/wp-content\/uploads\/2022\/08\/La-Salamandra-22-IG-Story-page-001-576x1024.jpg\" alt=\"\" class=\"wp-image-6447\" width=\"228\" height=\"452\"\/><\/figure><\/div>\n\n\n\n<p class=\"has-text-color has-text-align-center has-medium-font-size has-vivid-green-cyan-color\">NOVETAT<\/p>\n\n\n\n<p><strong>HORARIS;<\/strong><\/p>\n\n\n\n<p>     DISSABTE<\/p>\n\n\n\n<ul><li>17:00 &#8211; 19:00h Recollida de dorals<\/li><\/ul>\n\n\n\n<p>     DIUMENGE<\/p>\n\n\n\n<ul><li>7:15h &#8211; 8:15h Recollida de dorsals<\/li><li>8:30h Sortida Marxa LLARGA<\/li><li>9:00h Sortida Marxa CURTA<\/li><li>9:15h Sortida Marxa KIDS<\/li><\/ul>\n\n\n\n<p> Ubicaci\u00f3 de sortida Pavell\u00f3 Polivalent de Llagostera: (<a href=\"https:\/\/www.google.es\/maps\/place\/Patronat+Municipal+d'Esports+de+Llagostera\/@41.820551,2.8930326,16z\/data=!4m9!1m2!2m1!1spolivalent+llagostera!3m5!1s0x12bb1c60c70c6a83:0x251d654f95260dac!8m2!3d41.820551!4d2.89741!15sChVwb2xpdmFsZW50IGxsYWdvc3RlcmGSARFnb3Zlcm5tZW50X29mZmljZQ\">ubicaci\u00f3<\/a>) <\/p>\n\n\n\n<p><strong>AVITUALLAMENTS<\/strong><\/p>\n\n\n\n<ul><li>Recorregut LLARG;    2;     km 15 i km 34<\/li><li>Recorregut CURT:    1;     km 16<\/li><\/ul>\n\n\n\n<p>Entrep\u00e0 i beguda a l&#8217;arribada (TOTS ELS RECORREGUTS)<\/p>\n\n\n\n<p><strong>PREMIS<\/strong><\/p>\n\n\n\n<p>Hi haur\u00e0 premis per als 3 primers classificats del recorregut llarg i curt mascul\u00ed i femen\u00ed . Tamb\u00e9 al participant m\u00e9s jove i al m\u00e9s gran<\/p>\n\n\n\n<p><strong>OBSEQUIS<\/strong><\/p>\n\n\n\n<ul><li>Bossa del corredor<\/li><li>Mitjons exclusius de la Salamandra (per a tots els participants<\/li><li>+ Sortejos varis<\/li><\/ul>\n\n\n\n<p><strong>SERVEIS<\/strong><\/p>\n\n\n\n<ul><li>Dutxes<\/li><li>Renta bicicletes<\/li><li>Ambul\u00e0ncia<\/li><li>Marcatge del circuit (amb cintes i fletxes)<\/li><\/ul>\n\n\n\n<p>Aquest any hem volgut introduir un nou recorregut m\u00e9s encarat cap als nens que estan comen\u00e7ant amb la BTT i a gent que s\u2019inicia amb poc nivell (els menors de 10 anys obligat\u00f2riament hauran d\u2019anar acompanyats d\u2019un major d\u2019edat, i tots els menors de 14 anys hauran de portar un full d\u2019autoritzaci\u00f3 d\u2019un pare o tutor).<\/p>\n\n\n\n<p>SI us va agradar l\u2019edici\u00f3 2021 aquest any la 2022 ser\u00e0 encara millor! Entreneu fort que ser\u00e0 dura!!!<\/p>\n\n\n\n<p>Esteu atents! anirem publicant informaci\u00f3 a la web, l\u2019Instagram i al Facebook!!!<\/p>\n\n\n\n<p class=\"has-medium-font-size\"><strong>Preguntes freq\u00fcents:<\/strong><\/p>\n\n\n\n<p>+ <strong>Compartireu els tracks de la cursa?<\/strong><br>&#8211; No, els tracks de la cursa no es compartiran.<br><\/p>\n\n\n\n<p>+ <strong>S\u00f3n molt t\u00e8cnics i durs els recorreguts?<\/strong><\/p>\n\n\n\n<p>&#8211;  El circuit curt (25 km) \u00e9s apte per tots aquells practicants regulars de BTT amb un grau de t\u00e8cnica. En canvi, el circuit llarg (41 km) requereix d&#8217;un bon estat f\u00edsic i una bona t\u00e8cnica. No es tracta d&#8217;un enduro per\u00f2 hi ha baixades i punts complicats. El circuit de la Salamandra kids (10 km) est\u00e0 dissenyat perqu\u00e8 la mainada pugui disfrutar.&nbsp;<\/p>\n\n\n\n<p>+ <strong>Amb ebike nom\u00e9s es pot fer la llarga?<\/strong><\/p>\n\n\n\n<p>&#8211; Per a la inscripci\u00f3 d&#8217;ebikes s&#8217;ha de fer la llarga. Si el dia de la cursa decideixes fer la curta no hi ha problema per\u00f2 no hi ha classificaci\u00f3 d&#8217;ebikes circuit curt.<\/p>\n","protected":false},"excerpt":{"rendered":"<p>\u2193 \u2193 \u2193 \u2193 \u2193 INSCRIPCIONS OBERTES \u2193 \u2193 \u2193 \u2193 \u2193 \u2193 Esperem que h\u00e0giu fet gana des de l\u2019\u00faltima edici\u00f3 de la Salamandra perqu\u00e8 ja fa dies que us estem preparant el que ser\u00e0 l\u2019edici\u00f3 2022, apunteu al calendari perqu\u00e8 ser\u00e0 el proper&nbsp;28 d\u2019agost. Venint d\u2019una edici\u00f3 que va ser tot un \u00e8xit &#8230;<\/p>\n","protected":false},"author":3,"featured_media":6393,"parent":0,"menu_order":0,"comment_status":"closed","ping_status":"closed","template":"","meta":[],"featured_image_src":"http:\/\/www.bttllagostera.cat\/wp-content\/uploads\/2022\/06\/salamandra22-curt-600x400.png","featured_image_src_square":"http:\/\/www.bttllagostera.cat\/wp-content\/uploads\/2022\/06\/salamandra22-curt-600x600.png","_links":{"self":[{"href":"http:\/\/www.bttllagostera.cat\/index.php?rest_route=\/wp\/v2\/pages\/6407"}],"collection":[{"href":"http:\/\/www.bttllagostera.cat\/index.php?rest_route=\/wp\/v2\/pages"}],"about":[{"href":"http:\/\/www.bttllagostera.cat\/index.php?rest_route=\/wp\/v2\/types\/page"}],"author":[{"embeddable":true,"href":"http:\/\/www.bttllagostera.cat\/index.php?rest_route=\/wp\/v2\/users\/3"}],"replies":[{"embeddable":true,"href":"http:\/\/www.bttllagostera.cat\/index.php?rest_route=%2Fwp%2Fv2%2Fcomments&post=6407"}],"version-history":[{"count":16,"href":"http:\/\/www.bttllagostera.cat\/index.php?rest_route=\/wp\/v2\/pages\/6407\/revisions"}],"predecessor-version":[{"id":6450,"href":"http:\/\/www.bttllagostera.cat\/index.php?rest_route=\/wp\/v2\/pages\/6407\/revisions\/6450"}],"wp:featuredmedia":[{"embeddable":true,"href":"http:\/\/www.bttllagostera.cat\/index.php?rest_route=\/wp\/v2\/media\/6393"}],"wp:attachment":[{"href":"http:\/\/www.bttllagostera.cat\/index.php?rest_route=%2Fwp%2Fv2%2Fmedia&parent=6407"}],"curies":[{"name":"wp","href":"https:\/\/api.w.org\/{rel}","templated":true}]}}