{"id":5888,"date":"2020-10-13T08:53:46","date_gmt":"2020-10-13T08:53:46","guid":{"rendered":"http:\/\/www.bttllagostera.cat\/?page_id=5888"},"modified":"2020-12-22T14:10:17","modified_gmt":"2020-12-22T14:10:17","slug":"comunicats-participacions-a-curses","status":"publish","type":"page","link":"http:\/\/www.bttllagostera.cat\/?page_id=5888","title":{"rendered":"Comunicats participacions en curses"},"content":{"rendered":"\n<p>Pots facilitar informaci\u00f3 al club de les curses on participar\u00e0s, omplint el seg\u00fcent formulari. Aix\u00ed, el club anotar\u00e0 les curses on participareu.<br><br>Tamb\u00e9 podeu consultar el llistat de curses on hi s\u00f3n presents els socis <a href=\"https:\/\/docs.google.com\/spreadsheets\/d\/1kLgeDcPVat-Vj4ybyycNWJ5_iOhoFPq25MxOlLh-C84\/edit?usp=sharing\" target=\"_blank\" rel=\"noreferrer noopener\" aria-label=\" (se abre en una nueva pesta\u00f1a)\">aqu\u00ed<\/a>.<\/p>\n\n\n\n<div style=\"height:40px\" aria-hidden=\"true\" class=\"wp-block-spacer\"><\/div>\n\n\n\n<iframe loading=\"lazy\" src=\"https:\/\/docs.google.com\/forms\/d\/e\/1FAIpQLScUTNgD3Ikkr5CvAsPt4hNV_nDT-1Uxi_8TNzXtcFUSfBdxKw\/viewform?embedded=true\" width=\"980\" height=\"809\" frameborder=\"0\" marginheight=\"0\" marginwidth=\"0\">S&#39;est\u00e0 carregant\u2026<\/iframe>\n","protected":false},"excerpt":{"rendered":"<p>Pots facilitar informaci\u00f3 al club de les curses on participar\u00e0s, omplint el seg\u00fcent formulari. Aix\u00ed, el club anotar\u00e0 les curses on participareu. Tamb\u00e9 podeu consultar el llistat de curses on hi s\u00f3n presents els socis aqu\u00ed. S&#39;est\u00e0 carregant\u2026<\/p>\n","protected":false},"author":1,"featured_media":0,"parent":0,"menu_order":0,"comment_status":"closed","ping_status":"closed","template":"","meta":[],"featured_image_src":null,"featured_image_src_square":null,"_links":{"self":[{"href":"http:\/\/www.bttllagostera.cat\/index.php?rest_route=\/wp\/v2\/pages\/5888"}],"collection":[{"href":"http:\/\/www.bttllagostera.cat\/index.php?rest_route=\/wp\/v2\/pages"}],"about":[{"href":"http:\/\/www.bttllagostera.cat\/index.php?rest_route=\/wp\/v2\/types\/page"}],"author":[{"embeddable":true,"href":"http:\/\/www.bttllagostera.cat\/index.php?rest_route=\/wp\/v2\/users\/1"}],"replies":[{"embeddable":true,"href":"http:\/\/www.bttllagostera.cat\/index.php?rest_route=%2Fwp%2Fv2%2Fcomments&post=5888"}],"version-history":[{"count":8,"href":"http:\/\/www.bttllagostera.cat\/index.php?rest_route=\/wp\/v2\/pages\/5888\/revisions"}],"predecessor-version":[{"id":6034,"href":"http:\/\/www.bttllagostera.cat\/index.php?rest_route=\/wp\/v2\/pages\/5888\/revisions\/6034"}],"wp:attachment":[{"href":"http:\/\/www.bttllagostera.cat\/index.php?rest_route=%2Fwp%2Fv2%2Fmedia&parent=5888"}],"curies":[{"name":"wp","href":"https:\/\/api.w.org\/{rel}","templated":true}]}}